{"id":33,"date":"2024-10-01T21:39:50","date_gmt":"2024-10-01T21:39:50","guid":{"rendered":"https:\/\/saoxymedicale.tn\/?page_id=33"},"modified":"2024-10-24T00:26:50","modified_gmt":"2024-10-24T00:26:50","slug":"a-propos","status":"publish","type":"page","link":"https:\/\/saoxymedicale.tn\/?page_id=33","title":{"rendered":"A propos"},"content":{"rendered":"\t\t<div data-elementor-type=\"wp-page\" data-elementor-id=\"33\" class=\"elementor elementor-33\" data-elementor-post-type=\"page\">\n\t\t\t\t\t\t<section class=\"elementor-section elementor-top-section elementor-element elementor-element-5f8a7dd3 elementor-section-content-middle elementor-section-full_width elementor-reverse-mobile elementor-reverse-tablet elementor-section-height-default elementor-section-height-default\" data-id=\"5f8a7dd3\" data-element_type=\"section\">\n\t\t\t\t\t\t<div class=\"elementor-container elementor-column-gap-no\">\n\t\t\t\t\t<div class=\"elementor-column elementor-col-50 elementor-top-column elementor-element elementor-element-59d46f39\" data-id=\"59d46f39\" data-element_type=\"column\">\n\t\t\t<div class=\"elementor-widget-wrap elementor-element-populated\">\n\t\t\t\t\t\t<div class=\"elementor-element elementor-element-5e77639a elementor-widget elementor-widget-image\" data-id=\"5e77639a\" data-element_type=\"widget\" data-widget_type=\"image.default\">\n\t\t\t\t<div class=\"elementor-widget-container\">\n\t\t\t\t\t\t\t\t\t\t\t\t\t\t\t<img fetchpriority=\"high\" decoding=\"async\" width=\"936\" height=\"299\" src=\"https:\/\/saoxymedicale.tn\/wp-content\/uploads\/2024\/10\/logo-saoxy.png\" class=\"attachment-full size-full wp-image-44\" alt=\"\" srcset=\"https:\/\/saoxymedicale.tn\/wp-content\/uploads\/2024\/10\/logo-saoxy.png 936w, https:\/\/saoxymedicale.tn\/wp-content\/uploads\/2024\/10\/logo-saoxy-300x96.png 300w, https:\/\/saoxymedicale.tn\/wp-content\/uploads\/2024\/10\/logo-saoxy-768x245.png 768w\" sizes=\"(max-width: 936px) 100vw, 936px\" \/>\t\t\t\t\t\t\t\t\t\t\t\t\t\t\t<\/div>\n\t\t\t\t<\/div>\n\t\t\t\t\t<\/div>\n\t\t<\/div>\n\t\t\t\t<div class=\"elementor-column elementor-col-50 elementor-top-column elementor-element elementor-element-3a52f92\" data-id=\"3a52f92\" data-element_type=\"column\">\n\t\t\t<div class=\"elementor-widget-wrap elementor-element-populated\">\n\t\t\t\t\t\t<div class=\"elementor-element elementor-element-cefb8b5 elementor-widget elementor-widget-heading\" data-id=\"cefb8b5\" data-element_type=\"widget\" data-widget_type=\"heading.default\">\n\t\t\t\t<div class=\"elementor-widget-container\">\n\t\t\t\t\t<h1 class=\"elementor-heading-title elementor-size-default\">\u00c0 propos de nous<\/h1>\t\t\t\t<\/div>\n\t\t\t\t<\/div>\n\t\t\t\t<div class=\"elementor-element elementor-element-146c174 elementor-widget elementor-widget-text-editor\" data-id=\"146c174\" data-element_type=\"widget\" data-widget_type=\"text-editor.default\">\n\t\t\t\t<div class=\"elementor-widget-container\">\n\t\t\t\t\t\t\t\t\t<p><strong>SA OXY M\u00e9dicale<\/strong> est une entreprise sp\u00e9cialis\u00e9e dans la vente et la location de mat\u00e9riel m\u00e9dical et d&rsquo;\u00e9quipements m\u00e9dicaux, d\u00e9di\u00e9e \u00e0 am\u00e9liorer la qualit\u00e9 de vie des patients. Nous proposons une large gamme de dispositifs, allant de l&rsquo;oxyg\u00e9noth\u00e9rapie aux \u00e9quipements de soins \u00e0 domicile, pour r\u00e9pondre aux besoins des professionnels de la sant\u00e9 ainsi qu&rsquo;aux particuliers. Avec un service personnalis\u00e9, une assistance 24\/7, et des produits de haute qualit\u00e9, <strong>SA OXY M\u00e9dicale<\/strong> s&rsquo;engage \u00e0 fournir des solutions m\u00e9dicales fiables et adapt\u00e9es, tout en assurant un suivi continu et une expertise technique de pointe.<\/p>\t\t\t\t\t\t\t\t<\/div>\n\t\t\t\t<\/div>\n\t\t\t\t\t<\/div>\n\t\t<\/div>\n\t\t\t\t\t<\/div>\n\t\t<\/section>\n\t\t\t\t<section class=\"elementor-section elementor-top-section elementor-element elementor-element-df54ed3 elementor-section-content-middle elementor-section-full_width elementor-section-height-default elementor-section-height-default\" data-id=\"df54ed3\" data-element_type=\"section\">\n\t\t\t\t\t\t<div class=\"elementor-container elementor-column-gap-no\">\n\t\t\t\t\t<div class=\"elementor-column elementor-col-50 elementor-top-column elementor-element elementor-element-087f97d\" data-id=\"087f97d\" data-element_type=\"column\">\n\t\t\t<div class=\"elementor-widget-wrap elementor-element-populated\">\n\t\t\t\t\t\t<div class=\"elementor-element elementor-element-74cb1e7 elementor-widget elementor-widget-heading\" data-id=\"74cb1e7\" data-element_type=\"widget\" data-widget_type=\"heading.default\">\n\t\t\t\t<div class=\"elementor-widget-container\">\n\t\t\t\t\t<h1 class=\"elementor-heading-title elementor-size-default\">Nos Missions<\/h1>\t\t\t\t<\/div>\n\t\t\t\t<\/div>\n\t\t\t\t<div class=\"elementor-element elementor-element-5ec82c4 elementor-widget elementor-widget-text-editor\" data-id=\"5ec82c4\" data-element_type=\"widget\" data-widget_type=\"text-editor.default\">\n\t\t\t\t<div class=\"elementor-widget-container\">\n\t\t\t\t\t\t\t\t\t<ul><li><p><strong>Fournir un acc\u00e8s facile et rapide \u00e0 des \u00e9quipements m\u00e9dicaux de qualit\u00e9, garantissant le confort et la s\u00e9curit\u00e9 des patients.<\/strong><\/p><\/li><li><p><strong>Offrir un service client exceptionnel, avec un soutien personnalis\u00e9 pour r\u00e9pondre aux besoins sp\u00e9cifiques de chaque utilisateur.<\/strong><\/p><\/li><li><p><strong>Promouvoir l&rsquo;innovation en mati\u00e8re de technologie de sant\u00e9, afin d&rsquo;am\u00e9liorer les traitements et la qualit\u00e9 de vie des patients.<\/strong><\/p><\/li><li><p><strong>S&rsquo;engager pour la sensibilisation et l&rsquo;\u00e9ducation sur l&rsquo;utilisation des dispositifs m\u00e9dicaux, afin d&rsquo;assurer une meilleure compr\u00e9hension et une utilisation optimale.<\/strong><\/p><\/li><\/ul>\t\t\t\t\t\t\t\t<\/div>\n\t\t\t\t<\/div>\n\t\t\t\t\t<\/div>\n\t\t<\/div>\n\t\t\t\t<div class=\"elementor-column elementor-col-50 elementor-top-column elementor-element elementor-element-5a812a1d\" data-id=\"5a812a1d\" data-element_type=\"column\">\n\t\t\t<div class=\"elementor-widget-wrap elementor-element-populated\">\n\t\t\t\t\t\t<div class=\"elementor-element elementor-element-37e55c91 elementor-widget elementor-widget-image\" data-id=\"37e55c91\" data-element_type=\"widget\" data-widget_type=\"image.default\">\n\t\t\t\t<div class=\"elementor-widget-container\">\n\t\t\t\t\t\t\t\t\t\t\t\t\t\t\t<img decoding=\"async\" width=\"500\" height=\"500\" src=\"https:\/\/saoxymedicale.tn\/wp-content\/uploads\/2024\/10\/missions.png\" class=\"attachment-large size-large wp-image-187\" alt=\"\" srcset=\"https:\/\/saoxymedicale.tn\/wp-content\/uploads\/2024\/10\/missions.png 500w, https:\/\/saoxymedicale.tn\/wp-content\/uploads\/2024\/10\/missions-300x300.png 300w, https:\/\/saoxymedicale.tn\/wp-content\/uploads\/2024\/10\/missions-150x150.png 150w\" sizes=\"(max-width: 500px) 100vw, 500px\" \/>\t\t\t\t\t\t\t\t\t\t\t\t\t\t\t<\/div>\n\t\t\t\t<\/div>\n\t\t\t\t\t<\/div>\n\t\t<\/div>\n\t\t\t\t\t<\/div>\n\t\t<\/section>\n\t\t\t\t<\/div>\n\t\t","protected":false},"excerpt":{"rendered":"<p>\u00c0 propos de nous SA OXY M\u00e9dicale est une entreprise sp\u00e9cialis\u00e9e dans la vente et la location de mat\u00e9riel m\u00e9dical et d&rsquo;\u00e9quipements m\u00e9dicaux, d\u00e9di\u00e9e \u00e0 am\u00e9liorer la qualit\u00e9 de vie des patients. Nous proposons une large gamme de dispositifs, allant de l&rsquo;oxyg\u00e9noth\u00e9rapie aux \u00e9quipements de soins \u00e0 domicile, pour r\u00e9pondre aux besoins des professionnels de [&hellip;]<\/p>\n","protected":false},"author":1,"featured_media":0,"parent":0,"menu_order":0,"comment_status":"closed","ping_status":"closed","template":"","meta":{"ocean_post_layout":"","ocean_both_sidebars_style":"","ocean_both_sidebars_content_width":0,"ocean_both_sidebars_sidebars_width":0,"ocean_sidebar":"","ocean_second_sidebar":"","ocean_disable_margins":"enable","ocean_add_body_class":"","ocean_shortcode_before_top_bar":"","ocean_shortcode_after_top_bar":"","ocean_shortcode_before_header":"","ocean_shortcode_after_header":"","ocean_has_shortcode":"","ocean_shortcode_after_title":"","ocean_shortcode_before_footer_widgets":"","ocean_shortcode_after_footer_widgets":"","ocean_shortcode_before_footer_bottom":"","ocean_shortcode_after_footer_bottom":"","ocean_display_top_bar":"default","ocean_display_header":"default","ocean_header_style":"","ocean_center_header_left_menu":"","ocean_custom_header_template":"","ocean_custom_logo":0,"ocean_custom_retina_logo":0,"ocean_custom_logo_max_width":0,"ocean_custom_logo_tablet_max_width":0,"ocean_custom_logo_mobile_max_width":0,"ocean_custom_logo_max_height":0,"ocean_custom_logo_tablet_max_height":0,"ocean_custom_logo_mobile_max_height":0,"ocean_header_custom_menu":"","ocean_menu_typo_font_family":"","ocean_menu_typo_font_subset":"","ocean_menu_typo_font_size":0,"ocean_menu_typo_font_size_tablet":0,"ocean_menu_typo_font_size_mobile":0,"ocean_menu_typo_font_size_unit":"px","ocean_menu_typo_font_weight":"","ocean_menu_typo_font_weight_tablet":"","ocean_menu_typo_font_weight_mobile":"","ocean_menu_typo_transform":"","ocean_menu_typo_transform_tablet":"","ocean_menu_typo_transform_mobile":"","ocean_menu_typo_line_height":0,"ocean_menu_typo_line_height_tablet":0,"ocean_menu_typo_line_height_mobile":0,"ocean_menu_typo_line_height_unit":"","ocean_menu_typo_spacing":0,"ocean_menu_typo_spacing_tablet":0,"ocean_menu_typo_spacing_mobile":0,"ocean_menu_typo_spacing_unit":"","ocean_menu_link_color":"","ocean_menu_link_color_hover":"","ocean_menu_link_color_active":"","ocean_menu_link_background":"","ocean_menu_link_hover_background":"","ocean_menu_link_active_background":"","ocean_menu_social_links_bg":"","ocean_menu_social_hover_links_bg":"","ocean_menu_social_links_color":"","ocean_menu_social_hover_links_color":"","ocean_disable_title":"default","ocean_disable_heading":"default","ocean_post_title":"","ocean_post_subheading":"","ocean_post_title_style":"","ocean_post_title_background_color":"","ocean_post_title_background":0,"ocean_post_title_bg_image_position":"","ocean_post_title_bg_image_attachment":"","ocean_post_title_bg_image_repeat":"","ocean_post_title_bg_image_size":"","ocean_post_title_height":0,"ocean_post_title_bg_overlay":0.5,"ocean_post_title_bg_overlay_color":"","ocean_disable_breadcrumbs":"default","ocean_breadcrumbs_color":"","ocean_breadcrumbs_separator_color":"","ocean_breadcrumbs_links_color":"","ocean_breadcrumbs_links_hover_color":"","ocean_display_footer_widgets":"default","ocean_display_footer_bottom":"default","ocean_custom_footer_template":"","footnotes":""},"class_list":["post-33","page","type-page","status-publish","hentry","entry"],"_links":{"self":[{"href":"https:\/\/saoxymedicale.tn\/index.php?rest_route=\/wp\/v2\/pages\/33","targetHints":{"allow":["GET"]}}],"collection":[{"href":"https:\/\/saoxymedicale.tn\/index.php?rest_route=\/wp\/v2\/pages"}],"about":[{"href":"https:\/\/saoxymedicale.tn\/index.php?rest_route=\/wp\/v2\/types\/page"}],"author":[{"embeddable":true,"href":"https:\/\/saoxymedicale.tn\/index.php?rest_route=\/wp\/v2\/users\/1"}],"replies":[{"embeddable":true,"href":"https:\/\/saoxymedicale.tn\/index.php?rest_route=%2Fwp%2Fv2%2Fcomments&post=33"}],"version-history":[{"count":4,"href":"https:\/\/saoxymedicale.tn\/index.php?rest_route=\/wp\/v2\/pages\/33\/revisions"}],"predecessor-version":[{"id":190,"href":"https:\/\/saoxymedicale.tn\/index.php?rest_route=\/wp\/v2\/pages\/33\/revisions\/190"}],"wp:attachment":[{"href":"https:\/\/saoxymedicale.tn\/index.php?rest_route=%2Fwp%2Fv2%2Fmedia&parent=33"}],"curies":[{"name":"wp","href":"https:\/\/api.w.org\/{rel}","templated":true}]}}